{"id":1146,"date":"2023-06-20T08:37:39","date_gmt":"2023-06-20T08:37:39","guid":{"rendered":"https:\/\/www.lomaxim.com\/?page_id=1146"},"modified":"2023-06-20T08:42:31","modified_gmt":"2023-06-20T08:42:31","slug":"politica-de-privacidad","status":"publish","type":"page","link":"https:\/\/www.lomaxim.com\/index.php\/politica-de-privacidad\/","title":{"rendered":"Pol\u00edtica de privacidad"},"content":{"rendered":"<h1>Politica de privacidad de Lomaxim<\/h1>\n<p>&nbsp;<\/p>\n<p>La presente Pol\u00edtica de Privacidad es aplicable a los tratamientos de datos que GATASOFT, S.L. realiza a trav\u00e9s del presente sitio web: www.lomaxim.com (en adelante, el \u201cSitio Web\u201d) y\/o aquellos que se indiquen.<br \/>\nTe recomendamos que la leas con detenimiento antes de utilizar el presente Sitio Web o suministrar tus datos a trav\u00e9s de este.<br \/>\nNo dudes en consultarnos cualquier duda al respecto a trav\u00e9s del correo electr\u00f3nico: info@lomaxim.com<\/p>\n<h2>\u00cdndice de contenidos<\/h2>\n<p>En esta pol\u00edtica de privacidad encontrar\u00e1s toda la informaci\u00f3n relativa al tratamiento de tus datos personales y a los derechos que puedes ejercer para mantener el control sobre los mismos. En este sentido, encontrar\u00e1s informaci\u00f3n sobre:<\/p>\n<ol>\n<li>\u00a0Qui\u00e9n es el responsable del tratamiento de sus datos.<\/li>\n<li>Qu\u00e9 requisitos debes cumplir para suministrarnos tus datos personales.<\/li>\n<li>Qu\u00e9 tratamientos de datos realizamos a trav\u00e9s del sitio web y cu\u00e1les son sus principales caracter\u00edsticas, explic\u00e1ndote:<br \/>\nQu\u00e9 datos recogemos y cu\u00e1les son las v\u00edas de recogida de estos.<br \/>\n\u2022 Para qu\u00e9 finalidades recabamos los datos que te solicitamos.<br \/>\n\u2022 Cu\u00e1l es la legitimaci\u00f3n para su tratamiento.<br \/>\n\u2022 Durante cu\u00e1nto tiempo los conservamos.<\/li>\n<li>A qu\u00e9 destinatarios se comunican tus datos.<\/li>\n<li>Existencia de transferencias internacionales de tus datos.<\/li>\n<li>Cu\u00e1les son tus derechos y c\u00f3mo puedes ejercerlos.<\/li>\n<li>C\u00f3mo protegemos tu informaci\u00f3n personal.<\/li>\n<li>Modificaciones de esta pol\u00edtica.<\/li>\n<\/ol>\n<h2>1. \u00bfQui\u00e9n es el responsable del tratamiento de tus datos personales?<\/h2>\n<p>Tus datos personales ser\u00e1n tratados por la empresa GATASOFT, S.L., con NIF B53060448 y cuyos datos de contacto son los siguientes:<\/p>\n<ul>\n<li>Direcci\u00f3n: TROSSETS, 23 PISO 2 PTA 3, 03740 GATA DE GORGOS, ALICANTE<\/li>\n<li>Email de contacto: info@lomaxim.com<\/li>\n<\/ul>\n<h3>1.1 Nuestro delegado de Protecci\u00f3n de Datos.<\/h3>\n<p>Desde GATASOFT, S.L., ponemos a tu disposici\u00f3n los datos de contacto de nuestro Delegado de Protecci\u00f3n de Datos, a qui\u00e9n puedes dirigir cualquier consulta que tengas en relaci\u00f3n con la presente Pol\u00edtica de Privacidad o el tratamiento de tus datos personales.<br \/>\nE-mail: info@lomaxim.com<\/p>\n<h2>2. \u00bfQu\u00e9 requisitos debes cumplir para suministrarnos tus datos personales?<\/h2>\n<h3>2.1. Edad m\u00ednima.<\/h3>\n<p>Para suministrarnos tus datos personales, deber\u00e1s tener una edad m\u00ednima de 14 a\u00f1os, y\/o en su caso, disponer de capacidad jur\u00eddica suficiente para utilizar el presente Sitio Web.<\/p>\n<h3>2.2. Veracidad.<\/h3>\n<p>Cuando nos proporcionas tus datos para utilizar nuestros servicios, garantizas que los datos e informaci\u00f3n facilitada es real, veraz, actualizada y adem\u00e1s te pertenece a ti y no a terceras personas. Adem\u00e1s, deber\u00e1s notificarnos cualquier modificaci\u00f3n que se produzca en los datos facilitados, respondiendo en cualquier caso de la veracidad y exactitud de los datos suministrados en cada momento.<\/p>\n<h3>2.3. Control de Edad y Veracidad.<\/h3>\n<p>Desde GATASOFT, S.L., nos reservamos el derecho a verificar tu edad e informaci\u00f3n identificativa en cualquier momento, si es necesario, incluso requiri\u00e9ndote un documento oficial acreditativo o procedimiento equivalente y, en caso de detecci\u00f3n de fraude que se compruebe o se sospeche que eres menor de la edad indicada, a eliminar, desactivar temporalmente y\/o cancelar tu cuenta.<\/p>\n<h2>3. \u00bfQu\u00e9 tratamientos de datos realizamos a trav\u00e9s del sitio web y cu\u00e1les son sus principales caracter\u00edsticas?<\/h2>\n<p>A continuaci\u00f3n, te explicamos c\u00f3mo tratamos tu informaci\u00f3n personal y te proporcionamos, en detalle, toda la informaci\u00f3n relevante relativa a tu privacidad. La totalidad de los datos recabados proceden del interesado.<\/p>\n<h3>3.1 Cuando contactas con nosotros a trav\u00e9s de nuestros canales (formulario de contacto y correo electr\u00f3nico)<\/h3>\n<p><strong>\u00bfCu\u00e1les son las v\u00edas de recogida de los datos?<\/strong><\/p>\n<p>Formulario de contacto y env\u00edo de correos electr\u00f3nicos a la direcci\u00f3n info@lomaxim.com u otras direcciones electr\u00f3nicas de LOMAXIM.<\/p>\n<p><strong>\u00bfQu\u00e9 datos recogemos?<\/strong><\/p>\n<p>Informaci\u00f3n identificativa y de contacto. Recogemos tus datos identificativos (nombre y apellidos) y la direcci\u00f3n de correo electr\u00f3nico, as\u00ed como cualquier otra que incluyas de forma voluntaria en las comunicaciones que nos remitas. Podremos solicitarte informaci\u00f3n adicional si es necesario para cumplir con tu solicitud o requerimiento.<\/p>\n<h3>3.2 Cuando mantienes una relaci\u00f3n contractual con nosotros (prestaci\u00f3n de servicios)<\/h3>\n<p>\u00bfCu\u00e1les son las v\u00edas de recogida de los datos? Contrataci\u00f3n de los Servicios de LOMAXIM.<\/p>\n<h3>3.3 \u00bfQu\u00e9 datos recogemos?<\/h3>\n<p>Informaci\u00f3n identificativa y de contacto. Recogemos tus datos identificativos (nombre y apellidos) y la direcci\u00f3n de correo electr\u00f3nico y\/o postal, as\u00ed como cualquier otra que incluyas de forma voluntaria en las comunicaciones que nos remitas. Detalles de empleo: Podremos recoger datos relativos a la persona de contacto que represente a la compa\u00f1\u00eda cliente (nombre y apellidos, direcci\u00f3n electr\u00f3nica profesional, cargo y\/o departamento), as\u00ed como informaci\u00f3n sobre la empresa contratante.<\/p>\n<h3>3.4 \u00bfCu\u00e1les son las finalidades del tratamiento de tus datos personales?<\/h3>\n<p>Ejecutar y mantener la relaci\u00f3n contractual entre las Partes. La principal finalidad del tratamiento de estos datos ser\u00e1 la de mantener y ejecutar la relaci\u00f3n contractual entre las partes, que puede incluir: Gesti\u00f3n administrativa, fiscal, jur\u00eddica, contable, y comercial de los datos de los clientes. Prestaci\u00f3n de servicios. Atenci\u00f3n de consultas y reclamaciones v\u00eda web, telef\u00f3nica, electr\u00f3nica o presencial, Establecimiento de reuniones, visitas de<br \/>\nclientes y gesti\u00f3n de cobros.<\/p>\n<h3>3.5 \u00bfCu\u00e1l es la base de legitimaci\u00f3n que nos permite tratar tus datos? \u00bfEs obligatorio el suministro de estos datos?<\/h3>\n<p>Ejecuci\u00f3n del contrato. El tratamiento de los datos es necesario para la ejecuci\u00f3n del contrato entre las partes. Todos los datos solicitados y tratados por LOMAXIM para las finalidades anteriores ser\u00e1n necesarios para las finalidades indicadas. En caso de no suministrarlos, no se podr\u00eda ejecutar los servicios y realizar las tareas administrativas ligadas a estos.<\/p>\n<h3>3.6 \u00bfCu\u00e1nto tiempo conservamos tu informaci\u00f3n?<\/h3>\n<p>Toda la informaci\u00f3n personal la trataremos durante el tiempo en el que dure la relaci\u00f3n contractual entre las partes. Una vez finalizado este periodo, LOMAXIM conservar\u00e1, bloqueada, dicha informaci\u00f3n durante los plazos previstos en la legislaci\u00f3n para atender eventuales responsabilidades y para demostrar el cumplimiento de nuestras obligaciones.<\/p>\n<h3>3.7 \u00bfA qui\u00e9n cedemos tu informaci\u00f3n personal?<\/h3>\n<p>No realizamos ninguna cesi\u00f3n adicional para llevar a cabo este tratamiento que aquellas indicadas, con car\u00e1cter general, en el punto 4. \u00bfA qui\u00e9n cedemos tu informaci\u00f3n personal?. En este sentido, podemos acudir a proveedores de servicios para la prestaci\u00f3n de determinados servicios auxiliares (por ejemplo, software de gesti\u00f3n), que act\u00faan como Encargados de Tratamiento. Encontrar\u00e1s m\u00e1s informaci\u00f3n sobre c\u00f3mo act\u00faan estos proveedores de servicios en el punto 4, mencionado anteriormente.<\/p>\n<h3>3.8 Navegaci\u00f3n por el Sitio Web (cookies)<\/h3>\n<p>En el presente Sitio Web no utilizamos cookies u otras herramientas de seguimiento y rastreo para recabar informaci\u00f3n acerca del uso que los usuarios realizan del Sitio Web.<\/p>\n<h3>3.9 Perfiles de LOMAXIM en redes sociales<\/h3>\n<p>LOMAXIM cuenta con perfil en Linkedin. Cuando te haces seguidor de alguna de nuestras p\u00e1ginas en las redes sociales, el tratamiento de los datos, se regir\u00e1 por las condiciones de uso, pol\u00edticas de privacidad y normativas de acceso que pertenezcan a la red social correspondiente y aceptadas<br \/>\npreviamente por el usuario. LOMAXIM, en este sentido, tratar\u00e1 tus datos con las finalidades de administrar correctamente su presencia en la red social, inform\u00e1ndote de actividades, productos o servicios, as\u00ed como para cualquier otra finalidad que las normativas de las redes sociales permitan.<br \/>\nTen en cuenta que nosotros no tenemos influencia sobre la informaci\u00f3n que la red social recoge o c\u00f3mo la procesa, por lo que te recomendamos que te mantengas informado del prop\u00f3sito y alcance de la recogida de informaci\u00f3n que se realiza a trav\u00e9s de dichas redes sociales.<\/p>\n<h2>4. \u00bfA qui\u00e9n cedemos tu informaci\u00f3n personal?<\/h2>\n<p>Por lo general, desde LOMAXIM no comunicaremos tus datos a terceros. No obstante, adem\u00e1s de las cesiones que te indicamos espec\u00edficamente en el apartado en que te explicamos las caracter\u00edsticas de las diferentes operaciones (punto 3), te informamos de las comunicaciones que podemos realizar, con car\u00e1cter general, y que afectan a todos los tratamientos anteriores y su base legitimadora.<\/p>\n<ol>\n<li>Prestadores de servicios esenciales para ejecutar el servicio que te ofrecemos, ya sea empresas del grupo empresarial al que pertenece LOMAXIM u proveedores de servicios externos (por ejemplo, empresas de alojamiento inform\u00e1tico). No obstante lo anterior, estas entidades han firmado los correspondientes acuerdos de confidencialidad y solo tratar\u00e1n tus datos seg\u00fan nuestras instrucciones, no pudiendo utilizarlos para finalidades propias o aparte del servicio que nos prestan.<\/li>\n<li>Organismos P\u00fablicos. Podremos revelar a las autoridades p\u00fablicas competentes los datos y cualquier otra informaci\u00f3n que est\u00e9 en nuestro poder o que sea accesible a trav\u00e9s de nuestros sistemas cuando exista una obligaci\u00f3n legal para ello, as\u00ed como cuando sea requerida, por ejemplo, cuando la finalidad sea la de prevenir o perseguir abusos de los servicios o actividades fraudulentas a trav\u00e9s de nuestro Sitio Web o p\u00e1gina web. En estos casos, los datos de car\u00e1cter personal que nos facilites se conservar\u00edan y pondr\u00edan a disposici\u00f3n de las autoridades administrativas o judiciales.<\/li>\n<li>En caso de una operaci\u00f3n societaria: En caso de una fusi\u00f3n, una adquisici\u00f3n, venta de la totalidad o parte de sus activos o cualquier otro tipo de operaci\u00f3n societaria en la que intervenga un tercero, podremos compartir, divulgar o transferir los datos de los usuarios a la entidad sucesora (incluso durante la fase previa a la operaci\u00f3n).<\/li>\n<li>A terceros con el consentimiento del usuario u otra base leg\u00edtima: En el caso de que queramos compartir datos con terceros fuera del \u00e1mbito de esta Pol\u00edtica de privacidad se solicitar\u00e1, en todo caso, su consentimiento o se informar\u00e1 sobre la misma y su base leg\u00edtima. Asimismo, te informamos de que esta Pol\u00edtica de Privacidad s\u00f3lo se refiere a la recogida, tratamiento y uso de informaci\u00f3n (relativa a datos personales) por nuestra parte a trav\u00e9s de la interacci\u00f3n que realizas con nuestro Sitio Web. El acceso a p\u00e1ginas Web de terceros a las que puedas acceder a trav\u00e9s de enlaces desde el Sitio Web tienen sus propias pol\u00edticas de privacidad sobre las que no tenemos ning\u00fan control. Por ello, antes de facilitarles alguna informaci\u00f3n personal, te recomendamos que te informes sobre sus Pol\u00edticas de Privacidad.<\/li>\n<\/ol>\n<h2>5- \u00bfSe transfieren tus datos personales a terceros pa\u00edses fuera del espacio econ\u00f3mico?<\/h2>\n<p>No. Todos los prestadores de servicios est\u00e1n ubicados en pa\u00edses ubicados dentro del Espacio Econ\u00f3mico Europeo (\u201cEEE\u201d). Los datos de la la empresa en que alojamos los servidores son los siguientes:<\/p>\n<p>Denominaci\u00f3n social: Arsys Internet S.L.U. Domicilio social: C\/ Madre de Dios n\u00ba 21, 26004, Logro\u00f1o (La Rioja) Espa\u00f1a<br \/>\nTel\u00e9fono: +34 941 620 100<br \/>\nNIF: B-85294916<br \/>\nEmail: info@arsys.es<br \/>\nFax: +34 941 204 793<br \/>\nDatos de inscripci\u00f3n en el registro mercantil: Arsys Internet, S.L.U., sociedad de<br \/>\nResponsabilidad Limitada Unipersonal, inscrita en el Registro Mercantil de La Rioja, en el<br \/>\nTomo 681, Folio 119, Hoja LO-12326.<br \/>\nDatos relativos a la autorizaci\u00f3n administrativa previa para el desarrollo de la actividad:<br \/>\nOperador inscrito en el Registro de Operadores de redes y servicios de comunicaciones electr\u00f3nicas de la Comisi\u00f3n del Mercado de las<br \/>\ntelecomunicaciones (CMT), como titular autorizado para la explotaci\u00f3n de una red p\u00fablica fija de comunicaciones electr\u00f3nicas<br \/>\n(01\/10\/2008), para la prestaci\u00f3n de los servicios de transmisi\u00f3n de datos a trav\u00e9s de la interconexi\u00f3n de redes de \u00e1rea local (30\/03\/2011), de la conmutaci\u00f3n de datos por paquetes o circuitos y de la reventa de la capacidad de transmisi\u00f3n (10\/11\/2011).<\/p>\n<p>Y tienen las siguientes certificaciones:<br \/>\n&#8211; Certificado AENOR de buenas practicas para el comercio electr\u00f3nico.<br \/>\n&#8211; Certificaci\u00f3n Internacional ISO 27001,en cuanto a eficacia y seguridad de la gesti\u00f3n de datos.<br \/>\n&#8211; Certificado de calidad UNE-EN ISO 9001.<br \/>\n&#8211; Certificado ISO 50001 para el sistema de gesti\u00f3n de energ\u00eda.<br \/>\n-Certificado de Conformidad con el Esquema Nacional de Seguridad (ENS),en el \u00e1mbito de la Administraci\u00f3n electr\u00f3nica.<br \/>\n-SAP Certified in Cloud and Infraestructure Operations.<br \/>\n-Certificaci\u00f3n Tier III de nuestro centro de datos de Logro\u00f1o.<\/p>\n<h2>6- \u00bfCu\u00e1les son los derechos que puedes ejercer como interesado\/a?<\/h2>\n<p>Puedes ejercer los derechos que la ley te garantiza en relaci\u00f3n con el tratamiento de tus datos personales contactando con nuestro Delegado de Protecci\u00f3n de Datos a trav\u00e9s del correo electr\u00f3nico info@lomaxim.com<br \/>\nCualquier petici\u00f3n de derechos que recibamos la resolveremos lo antes posible y, en cualquier caso, dentro del plazo m\u00e1ximo establecido por la legislaci\u00f3n desde que la recibamos. En algunos casos, ser\u00e1 necesario solicitarte una copia de tu documento de identidad u otro documento identificativo si es necesario verificar tu identidad.<\/p>\n<blockquote><p>Los derechos que te corresponden como interesad@, son los siguientes:<\/p>\n<ol>\n<li>\u00a0Derecho a retirar el consentimiento otorgado Puedes revocar tu consentimiento en relaci\u00f3n con todos los procesamientos basados en<br \/>\n\u00e9l en cualquier momento. No obstante, la retirada del consentimiento no afectar\u00e1 a la licitud del tratamiento basada en el consentimiento previo a su retirada.<\/li>\n<li>Derecho de acceso: Tienes derecho a saber qu\u00e9 datos est\u00e1n siendo objeto de tratamiento, si procede y, si es as\u00ed, obtener una copia de estos, as\u00ed como a obtener informaci\u00f3n relativa a:<br \/>\n\u2022 el origen y los destinatarios de los datos;<br \/>\n\u2022 las finalidades para las que se tratan;<br \/>\n\u2022 si existe un proceso de toma de decisiones automatizado, incluida la elaboraci\u00f3n de perfiles;<br \/>\n\u2022 el per\u00edodo de retenci\u00f3n de los datos; y<br \/>\n\u2022 los derechos previstos por la normativa.<\/li>\n<li>Derecho de rectificaci\u00f3n: Tienes derecho a obtener la rectificaci\u00f3n de tus datos personales o a completarlos cuando est\u00e1n incompletos<\/li>\n<li>Derecho de supresi\u00f3n: Tienes derecho a solicitar la supresi\u00f3n de tus datos personales si ya no son necesarios para el prop\u00f3sito para el que fueron recopilados o, en su caso, si ya no estamos autorizados para tratarlos<\/li>\n<li>Derecho a la portabilidad de datos: Tienes derecho a solicitar la portabilidad de los datos en el caso de los tratamientos de tus datos que est\u00e9n basados en tu consentimiento o en la ejecuci\u00f3n de un contrato, siempre y cuando el procesamiento se haya realizado por medios automatizados. En caso de ejercicio de este derecho, recibir\u00e1s tus datos personales en un formato estructurado, de uso com\u00fan y legible por cualquier dispositivo electr\u00f3nico. No obstante, tambi\u00e9n puedes solicitar, cuando sea posible, que tus datos sean transmitidos directamente a otra empresa.<\/li>\n<li>Derecho a la limitaci\u00f3n del tratamiento de tus datos personales Tienes derecho a la limitaci\u00f3n del procesamiento de tus datos en los siguientes casos:1. Cuando hayas solicitado la rectificaci\u00f3n de tus datos personales durante el per\u00edodo en el que verifiquemos la exactitud de los mismos.<br \/>\n2. Cuando consideres que no estamos autorizados a procesar tus datos. En ese caso, puedes solicitarnos que limitemos su uso en vez de solicitar su supresi\u00f3n.<br \/>\n3. Cuando consideres que la ya no es necesario que sigamos tratando tus datos y quieras que los conservemos a los efectos del ejercicio o la defensa de reclamaciones.<br \/>\n4. En los casos en los que exista un procesamiento basado en nuestro inter\u00e9s leg\u00edtimo y hayas ejercitado tu derecho de oposici\u00f3n al mismo, puedes pedirnos que limitemos el uso de tus datos durante la verificaci\u00f3n de la prevalencia de dichos intereses con respecto a los tuyos.<br \/>\n5. Derecho de oposici\u00f3n: Tienes derecho a oponerte en cualquier momento al procesamiento de tus datos personales en funci\u00f3n de nuestro inter\u00e9s leg\u00edtimo, incluida la elaboraci\u00f3n de perfiles.<\/li>\n<li>Baja de las comunicaciones comerciales: Recuerda que en cualquier momento puedes oponerte a la recepci\u00f3n de este tipo de comunicaciones envi\u00e1ndonos un email a info@lomaxim.com .Tambi\u00e9n podr\u00e1s excluirte de este servicio siguiendo las instrucciones que se indican en el pie del cuerpo de cada una de las comunicaciones electr\u00f3nicas que te enviemos.<\/li>\n<li>Derecho a presentar una reclamaci\u00f3n ante la Autoridad de Control Recuerda que, en cualquier momento, y en caso de que consideres que hemos vulnerado tu derecho a la protecci\u00f3n de tus datos, podr\u00e1s dirigirte en su defensa a la Autoridad de Control correspondiente, en caso de Espa\u00f1a, la Agencia Espa\u00f1ola de Protecci\u00f3n de Datos (www.agpd.es).<\/li>\n<\/ol>\n<\/blockquote>\n<h2>7. \u00bfC\u00f3mo garantizamos la confidencialidad de tu informaci\u00f3n?<\/h2>\n<p>La seguridad de tus datos personales es una prioridad para nosotros. Por ello, LOMAXIM<br \/>\nha implantado todas las medidas de seguridad necesarias para garantizar un uso y tratamiento de los datos de car\u00e1cter personal facilitados por el\/la usuario eficaz, salvaguardando la intimidad, privacidad, confidencialidad e integridad de los mismos y hace uso de los medios t\u00e9cnicos necesarios para evitar la alteraci\u00f3n, p\u00e9rdida, acceso no autorizado o tratamiento de sus datos, seg\u00fan el estado de la tecnolog\u00eda en cada momento.<br \/>\nConsecuentemente, cumplimos con los est\u00e1ndares de seguridad recomendados para protegerlos. Sin embargo, es imposible garantizar de un modo total su seguridad por la propia naturaleza de internet y porque pueden existir actuaciones dolosas de terceros fuera de nuestro control.<br \/>\nNos comprometemos a actuar con rapidez y diligencia en caso de que la seguridad de los datos se vea en peligro o comprometida, y a informarte sobre ello en caso de que sea relevante.<\/p>\n<h2>8. Modificaciones de la presente pol\u00edtica<\/h2>\n<p>Desde LOMAXIM podemos modificar el contenido de la pol\u00edtica de privacidad en cualquier momento, especialmente cuando se produzcan modificaciones legislativas, jurisprudenciales o de interpretaci\u00f3n de la Agencia Espa\u00f1ola de Protecci\u00f3n de Datos que afecten a los tratamientos de datos realizados por LOMAXIM a trav\u00e9s del presente Sitio Web. Cualquier nueva versi\u00f3n de esta Pol\u00edtica de Privacidad entrar\u00e1 en vigor en la fecha<br \/>\nde entrada en vigor publicada.<br \/>\nTe recomendamos que revises peri\u00f3dicamente esta Pol\u00edtica de Privacidad para estar informada de c\u00f3mo se tratan y protegen tus datos personales, as\u00ed como de los derechos que te asisten.<\/p>\n","protected":false},"excerpt":{"rendered":"<p>Politica de privacidad de Lomaxim &nbsp; La presente Pol\u00edtica de Privacidad es aplicable a los tratamientos de datos que GATASOFT, S.L. realiza a trav\u00e9s del presente sitio web: www.lomaxim.com (en adelante, el \u201cSitio Web\u201d) y\/o&#8230;<\/p>\n","protected":false},"author":1,"featured_media":0,"parent":0,"menu_order":0,"comment_status":"closed","ping_status":"closed","template":"","meta":[],"_links":{"self":[{"href":"https:\/\/www.lomaxim.com\/index.php\/wp-json\/wp\/v2\/pages\/1146"}],"collection":[{"href":"https:\/\/www.lomaxim.com\/index.php\/wp-json\/wp\/v2\/pages"}],"about":[{"href":"https:\/\/www.lomaxim.com\/index.php\/wp-json\/wp\/v2\/types\/page"}],"author":[{"embeddable":true,"href":"https:\/\/www.lomaxim.com\/index.php\/wp-json\/wp\/v2\/users\/1"}],"replies":[{"embeddable":true,"href":"https:\/\/www.lomaxim.com\/index.php\/wp-json\/wp\/v2\/comments?post=1146"}],"version-history":[{"count":2,"href":"https:\/\/www.lomaxim.com\/index.php\/wp-json\/wp\/v2\/pages\/1146\/revisions"}],"predecessor-version":[{"id":1148,"href":"https:\/\/www.lomaxim.com\/index.php\/wp-json\/wp\/v2\/pages\/1146\/revisions\/1148"}],"wp:attachment":[{"href":"https:\/\/www.lomaxim.com\/index.php\/wp-json\/wp\/v2\/media?parent=1146"}],"curies":[{"name":"wp","href":"https:\/\/api.w.org\/{rel}","templated":true}]}}