{"id":1152,"date":"2023-06-20T09:45:27","date_gmt":"2023-06-20T09:45:27","guid":{"rendered":"https:\/\/www.lomaxim.com\/?page_id=1152"},"modified":"2023-06-20T09:49:09","modified_gmt":"2023-06-20T09:49:09","slug":"gestion-de-cookies","status":"publish","type":"page","link":"https:\/\/www.lomaxim.com\/index.php\/gestion-de-cookies\/","title":{"rendered":"Gesti\u00f3n de cookies"},"content":{"rendered":"<h1 class=\"cookie-policy-h1\">Pol\u00edtica de cookies<\/h1>\n<p>\u00daltima actualizaci\u00f3n: 20-Jun-2023<\/p>\n<p>&nbsp;<\/p>\n<h3>\u00bfQu\u00e9 son las cookies?<\/h3>\n<p>Esta Pol\u00edtica de cookies explica qu\u00e9 son las cookies y c\u00f3mo las usamos, los tipos de cookies que usamos, es decir, la informaci\u00f3n que recopilamos usando cookies y c\u00f3mo se usa esa informaci\u00f3n, y c\u00f3mo administrar la configuraci\u00f3n de cookies.<\/p>\n<p>Las cookies son peque\u00f1os archivos de texto que se utilizan para almacenar peque\u00f1os fragmentos de informaci\u00f3n. Se almacenan en su dispositivo cuando el sitio web se carga en su navegador. Estas cookies nos ayudan a hacer que el sitio web funcione correctamente, hacerlo m\u00e1s seguro, brindar una mejor experiencia de usuario y comprender c\u00f3mo funciona el sitio web y analizar qu\u00e9 funciona y d\u00f3nde necesita mejorar.<\/p>\n<p>&nbsp;<\/p>\n<h3>C\u00f3mo usamos las cookies?<\/h3>\n<p>Como la mayor\u00eda de los servicios en l\u00ednea, nuestro sitio web utiliza cookies propias y de terceros para varios prop\u00f3sitos. Las cookies de origen son en su mayor\u00eda necesarias para que el sitio web funcione correctamente y no recopilan ninguno de sus datos de identificaci\u00f3n personal.<\/p>\n<p>Las cookies de terceros utilizadas en nuestro sitio web son principalmente para comprender c\u00f3mo interact\u00faan los usuario con nuestro sitio web, mantener nuestros servicios seguros y ayudar a acelerar sus futuras interacciones con nuestro sitio web.<\/p>\n<p>&nbsp;<\/p>\n<h3>Tipos de cookies que usamos<\/h3>\n<h4>Cookies t\u00e9cnicas<\/h4>\n<p>Las cookies t\u00e9cnicas permiten al usuario utilizar determinados servicio o funciones al navegar por nuestra p\u00e1gina web.<\/p>\n<h4 class=\"cky-audit-table-element\">Cookies de personalizaci\u00f3n<\/h4>\n<div class=\"cky-audit-table-element\">Estas cookies almacenan preferencias de experiencia del usuario, por ejemplo, al seleccionar el idioma de la p\u00e1gina web para poder seguir navegando en \u00e9l.<\/div>\n<h4>Cookies de an\u00e1lisis<\/h4>\n<p>Las cookies anal\u00edticas se utilizan para determinar el uso de un sitio, pueden rastrear a un usuario individual, pero solo en la medida en que permitan a los usuarios navegar a trav\u00e9s del sitio. No se utilizan para segmentar anuncios.<\/p>\n<h4>Cookies de complementos<\/h4>\n<p>Las cookies de complementos son aquellas que se generan al usar complementos de proveedores externos de contenido y que permiten a los usuarios acceder a contenidos o servicios proporcionados por terceros, como por ejemplo, las localizaciones en Google Maps, la conexi\u00f3n con redes sociales o el acceso a YouTube.<\/p>\n<p>&nbsp;<\/p>\n<h2 style=\"margin-bottom: 20px;\">Gesti\u00f3n de las preferencias de cookies<\/h2>\n<p>Puede cambiar sus preferencias de cookies en cualquier momento haciendo clic en el bot\u00f3n azul que queda fijo en la parte inferior izquierda de la web. Esto le permitir\u00e1 volver a visitar el banner de consentimiento de cookies y cambiar sus preferencias o retirar su consentimiento de inmediato.<\/p>\n<p>Adem\u00e1s de esto, los diferentes navegadores brindan diferentes m\u00e9todos para bloquear y eliminar las cookies utilizadas por los sitios web. Puede cambiar la configuraci\u00f3n de su navegador para bloquear\/eliminar las cookies. A continuaci\u00f3n se enumeran los enlaces a los documentos de soporte sobre c\u00f3mo administrar y eliminar las cookies de los principales navegadores web.<\/p>\n<ul>\n<li>Chrome: <a href=\"https:\/\/support.google.com\/accounts\/answer\/32050\" target=\"_blank\" rel=\"noopener noreferrer\">https:\/\/support.google.com\/accounts\/answer\/32050<\/a><\/li>\n<li>Safari: <a href=\"https:\/\/support.apple.com\/en-in\/guide\/safari\/sfri11471\/mac\">https:\/\/support.apple.com\/en-in\/guide\/safari\/sfri11471\/mac<\/a><\/li>\n<li>Firefox: <a href=\"https:\/\/support.mozilla.org\/en-US\/kb\/clear-cookies-and-site-data-firefox?redirectslug=delete-cookies-remove-info-websites-stored&amp;redirectlocale=en-US\" target=\"_blank\" rel=\"noopener noreferrer\">https:\/\/support.mozilla.org\/en-US\/kb\/clear-cookies-and-site-data-firefox?redirectslug=delete-cookies-remove-info-websites-stored&amp;redirectlocale=en-US<\/a><\/li>\n<li>Internet Explorer:<a href=\" https:\/\/support.microsoft.com\/en-us\/topic\/how-to-delete-cookie-files-in-internet-explorer-bca9446f-d873-78de-77ba-d42645fa52fc\"> https:\/\/support.microsoft.com\/en-us\/topic\/how-to-delete-cookie-files-in-internet-explorer-bca9446f-d873-78de-77ba-d42645fa52fc<\/a><\/li>\n<\/ul>\n<p>Si est\u00e1 utilizando cualquier otro navegador web, visite los documentos de soporte oficiales de su navegador.<\/p>\n","protected":false},"excerpt":{"rendered":"<p>Pol\u00edtica de cookies \u00daltima actualizaci\u00f3n: 20-Jun-2023 &nbsp; \u00bfQu\u00e9 son las cookies? Esta Pol\u00edtica de cookies explica qu\u00e9 son las cookies y c\u00f3mo las usamos, los tipos de cookies que usamos, es decir, la informaci\u00f3n que&#8230;<\/p>\n","protected":false},"author":1,"featured_media":0,"parent":0,"menu_order":0,"comment_status":"closed","ping_status":"closed","template":"","meta":[],"_links":{"self":[{"href":"https:\/\/www.lomaxim.com\/index.php\/wp-json\/wp\/v2\/pages\/1152"}],"collection":[{"href":"https:\/\/www.lomaxim.com\/index.php\/wp-json\/wp\/v2\/pages"}],"about":[{"href":"https:\/\/www.lomaxim.com\/index.php\/wp-json\/wp\/v2\/types\/page"}],"author":[{"embeddable":true,"href":"https:\/\/www.lomaxim.com\/index.php\/wp-json\/wp\/v2\/users\/1"}],"replies":[{"embeddable":true,"href":"https:\/\/www.lomaxim.com\/index.php\/wp-json\/wp\/v2\/comments?post=1152"}],"version-history":[{"count":4,"href":"https:\/\/www.lomaxim.com\/index.php\/wp-json\/wp\/v2\/pages\/1152\/revisions"}],"predecessor-version":[{"id":1156,"href":"https:\/\/www.lomaxim.com\/index.php\/wp-json\/wp\/v2\/pages\/1152\/revisions\/1156"}],"wp:attachment":[{"href":"https:\/\/www.lomaxim.com\/index.php\/wp-json\/wp\/v2\/media?parent=1152"}],"curies":[{"name":"wp","href":"https:\/\/api.w.org\/{rel}","templated":true}]}}