{"id":237,"date":"2018-03-07T13:04:16","date_gmt":"2018-03-07T13:04:16","guid":{"rendered":"http:\/\/bridge176.qodeinteractive.com\/?page_id=237"},"modified":"2022-01-13T12:37:16","modified_gmt":"2022-01-13T12:37:16","slug":"contactar-informacion-software-empresas","status":"publish","type":"page","link":"https:\/\/www.lomaxim.com\/index.php\/contactar-informacion-software-empresas\/","title":{"rendered":"Contactar"},"content":{"rendered":"<p>[vc_row css_animation=\u00bb\u00bb row_type=\u00bbrow\u00bb use_row_as_full_screen_section=\u00bbno\u00bb type=\u00bbgrid\u00bb angled_section=\u00bbno\u00bb text_align=\u00bbleft\u00bb background_image_as_pattern=\u00bbwithout_pattern\u00bb padding_top=\u00bb119&#8243; z_index=\u00bb\u00bb css=\u00bb.vc_custom_1639386413948{background-image: url(https:\/\/lomaxim.com\/wp-content\/uploads\/2018\/03\/services-background-1.png?id=256) !important;background-position: center !important;background-repeat: no-repeat !important;background-size: cover !important;}\u00bb][vc_column offset=\u00bbvc_col-md-7&#8243;][qode_elements_holder number_of_columns=\u00bbone_column\u00bb][qode_elements_holder_item item_padding=\u00bb100px 0 0 0px\u00bb advanced_animations=\u00bbno\u00bb item_padding_1280_1440=\u00bb100px 0px 100px 0px\u00bb item_padding_1024_1280=\u00bb0px 0px 100px 0px\u00bb item_padding_768_1024=\u00bb0px 0px 100px 0px\u00bb item_padding_600_768=\u00bb0px 0 0 0px\u00bb item_padding_480_600=\u00bb0px 0 50px 0px\u00bb item_padding_480=\u00bb0px 0 50px 0px\u00bb][vc_column_text]<\/p>\n<h1>Contacte con nosotros y simplifique la gesti\u00f3n de su plantilla.<\/h1>\n<p>[\/vc_column_text][vc_empty_space height=\u00bb5px\u00bb][vc_column_text]<\/p>\n<h3>Solicite m\u00e1s informaci\u00f3n, le asesoramos sin ning\u00fan compromiso<\/h3>\n<p>[\/vc_column_text][\/qode_elements_holder_item][\/qode_elements_holder][\/vc_column][vc_column offset=\u00bbvc_col-md-5&#8243;][qode_elements_holder number_of_columns=\u00bbone_column\u00bb][qode_elements_holder_item item_padding=\u00bb0 0 0 23px\u00bb advanced_animations=\u00bbno\u00bb item_padding_1280_1440=\u00bb50px 0 0 0px\u00bb item_padding_600_768=\u00bb0px 0px 0px 0px\u00bb item_padding_480_600=\u00bb0px 0px 0px 0px\u00bb item_padding_480=\u00bb0px 0px 0px 0px\u00bb][vc_single_image image=\u00bb351&#8243; img_size=\u00bbfull\u00bb qode_css_animation=\u00bb\u00bb][\/qode_elements_holder_item][\/qode_elements_holder][\/vc_column][\/vc_row][vc_row css_animation=\u00bb\u00bb row_type=\u00bbrow\u00bb use_row_as_full_screen_section=\u00bbno\u00bb type=\u00bbgrid\u00bb angled_section=\u00bbno\u00bb text_align=\u00bbleft\u00bb background_image_as_pattern=\u00bbwithout_pattern\u00bb padding_top=\u00bb48&#8243; padding_bottom=\u00bb56&#8243; z_index=\u00bb2&#8243; css=\u00bb.vc_custom_1639386752601{background-color: #aeb7bf !important;background-position: center !important;background-repeat: no-repeat !important;background-size: cover !important;}\u00bb][vc_column][vc_row_inner row_type=\u00bbrow\u00bb type=\u00bbfull_width\u00bb text_align=\u00bbleft\u00bb padding_bottom=\u00bb50&#8243; css_animation=\u00bb\u00bb][vc_column_inner width=\u00bb1\/2&#8243; offset=\u00bbvc_col-lg-offset-1 vc_col-lg-5 vc_col-md-6&#8243;]<div role=\"form\" class=\"wpcf7\" id=\"wpcf7-f418-o1\" lang=\"es-ES\" dir=\"ltr\">\n<div class=\"screen-reader-response\"><p role=\"status\" aria-live=\"polite\" aria-atomic=\"true\"><\/p> <ul><\/ul><\/div>\n<form action=\"\/index.php\/wp-json\/wp\/v2\/pages\/237#wpcf7-f418-o1\" method=\"post\" class=\"wpcf7-form init cf7_custom_style_3\" novalidate=\"novalidate\" data-status=\"init\">\n<div style=\"display: none;\">\n<input type=\"hidden\" name=\"_wpcf7\" value=\"418\" \/>\n<input type=\"hidden\" name=\"_wpcf7_version\" value=\"5.4.2\" \/>\n<input type=\"hidden\" name=\"_wpcf7_locale\" value=\"es_ES\" \/>\n<input type=\"hidden\" name=\"_wpcf7_unit_tag\" value=\"wpcf7-f418-o1\" \/>\n<input type=\"hidden\" name=\"_wpcf7_container_post\" value=\"0\" \/>\n<input type=\"hidden\" name=\"_wpcf7_posted_data_hash\" value=\"\" \/>\n<\/div>\n<p><label> Nombre (requerido)<br \/>\n    <span class=\"wpcf7-form-control-wrap your-name\"><input type=\"text\" name=\"your-name\" value=\"\" size=\"40\" class=\"wpcf7-form-control wpcf7-text wpcf7-validates-as-required\" aria-required=\"true\" aria-invalid=\"false\" \/><\/span> <\/label><\/p>\n<p><label> Correo electr\u00f3nico (requerido)<br \/>\n    <span class=\"wpcf7-form-control-wrap your-email\"><input type=\"email\" name=\"your-email\" value=\"\" size=\"40\" class=\"wpcf7-form-control wpcf7-text wpcf7-email wpcf7-validates-as-required wpcf7-validates-as-email\" aria-required=\"true\" aria-invalid=\"false\" \/><\/span> <\/label><\/p>\n<p><label> Tel\u00e9fono<br \/>\n    <span class=\"wpcf7-form-control-wrap tel-495\"><input type=\"tel\" name=\"tel-495\" value=\"\" size=\"40\" class=\"wpcf7-form-control wpcf7-text wpcf7-tel wpcf7-validates-as-tel\" aria-invalid=\"false\" \/><\/span><\/label><\/p>\n<p><label> Empresa<br \/>\n    <span class=\"wpcf7-form-control-wrap empresa\"><input type=\"text\" name=\"empresa\" value=\"\" size=\"40\" class=\"wpcf7-form-control wpcf7-text\" aria-invalid=\"false\" \/><\/span><\/label><\/p>\n<p><label> Su mensaje<br \/>\n    <span class=\"wpcf7-form-control-wrap your-message\"><textarea name=\"your-message\" cols=\"40\" rows=\"10\" class=\"wpcf7-form-control wpcf7-textarea\" aria-invalid=\"false\"><\/textarea><\/span> <\/label><br \/>\nLos datos de car\u00e1cter personal que nos facilita ser\u00e1n \u00fanicamente utilizados para dar respuesta a su petici\u00f3n<br \/>\n<span class=\"wpcf7-form-control-wrap acceptance-733\"><span class=\"wpcf7-form-control wpcf7-acceptance\"><span class=\"wpcf7-list-item\"><label><input type=\"checkbox\" name=\"acceptance-733\" value=\"1\" aria-invalid=\"false\" \/><span class=\"wpcf7-list-item-label\">He leido y acepto la <a href=\"https:\/\/www.lomaxim.com\/index.php\/politica-de-privacidad\/\" target=\"_blank\" rel=\"nofollow\">politica de privacidad<\/a><\/span><\/label><\/span><\/span><\/span><\/p>\n<p><input type=\"submit\" value=\"Enviar\" class=\"wpcf7-form-control wpcf7-submit\" \/><\/p>\n<div class=\"wpcf7-response-output\" aria-hidden=\"true\"><\/div><\/form><\/div>[\/vc_column_inner][vc_column_inner width=\u00bb5\/12&#8243; offset=\u00bbvc_col-lg-offset-1 vc_col-lg-4 vc_col-md-offset-1 vc_col-md-5 vc_col-sm-offset-1&#8243;][vc_empty_space height=\u00bb47px\u00bb][vc_column_text]<\/p>\n<h2><span style=\"color: #ffffff;\">Datos de contacto<\/span><\/h2>\n<p>[\/vc_column_text][vc_column_text]<\/p>\n<h5>Email<\/h5>\n<p>[\/vc_column_text][vc_column_text]info@lomaxim.com[\/vc_column_text][vc_empty_space height=\u00bb12px\u00bb][vc_column_text]<\/p>\n<h5>Tel\u00e9fono<\/h5>\n<p>[\/vc_column_text][vc_column_text]+ 34 616 436 876[\/vc_column_text][vc_empty_space height=\u00bb30px\u00bb][vc_column_text]<strong>*Si prefiere que le llamemos indique su telefono y el horario de contacto en el formulario<\/strong>[\/vc_column_text][\/vc_column_inner][\/vc_row_inner][\/vc_column][\/vc_row][vc_row css_animation=\u00bb\u00bb row_type=\u00bbrow\u00bb use_row_as_full_screen_section=\u00bbno\u00bb type=\u00bbfull_width\u00bb angled_section=\u00bbno\u00bb text_align=\u00bbleft\u00bb background_image_as_pattern=\u00bbwithout_pattern\u00bb][vc_column][\/vc_column][\/vc_row]<\/p>\n","protected":false},"excerpt":{"rendered":"<p>[vc_row css_animation=\u00bb\u00bb row_type=\u00bbrow\u00bb use_row_as_full_screen_section=\u00bbno\u00bb type=\u00bbgrid\u00bb angled_section=\u00bbno\u00bb text_align=\u00bbleft\u00bb background_image_as_pattern=\u00bbwithout_pattern\u00bb padding_top=\u00bb119&#8243; z_index=\u00bb\u00bb css=\u00bb.vc_custom_1639386413948{background-image: url(https:\/\/lomaxim.com\/wp-content\/uploads\/2018\/03\/services-background-1.png?id=256) !important;background-position: center !important;background-repeat: no-repeat !important;background-size: cover !important;}\u00bb][vc_column offset=\u00bbvc_col-md-7&#8243;][qode_elements_holder number_of_columns=\u00bbone_column\u00bb][qode_elements_holder_item item_padding=\u00bb100px 0 0 0px\u00bb advanced_animations=\u00bbno\u00bb item_padding_1280_1440=\u00bb100px 0px 100px 0px\u00bb item_padding_1024_1280=\u00bb0px 0px 100px 0px\u00bb item_padding_768_1024=\u00bb0px&#8230;<\/p>\n","protected":false},"author":1,"featured_media":0,"parent":0,"menu_order":0,"comment_status":"closed","ping_status":"closed","template":"full_width.php","meta":[],"_links":{"self":[{"href":"https:\/\/www.lomaxim.com\/index.php\/wp-json\/wp\/v2\/pages\/237"}],"collection":[{"href":"https:\/\/www.lomaxim.com\/index.php\/wp-json\/wp\/v2\/pages"}],"about":[{"href":"https:\/\/www.lomaxim.com\/index.php\/wp-json\/wp\/v2\/types\/page"}],"author":[{"embeddable":true,"href":"https:\/\/www.lomaxim.com\/index.php\/wp-json\/wp\/v2\/users\/1"}],"replies":[{"embeddable":true,"href":"https:\/\/www.lomaxim.com\/index.php\/wp-json\/wp\/v2\/comments?post=237"}],"version-history":[{"count":10,"href":"https:\/\/www.lomaxim.com\/index.php\/wp-json\/wp\/v2\/pages\/237\/revisions"}],"predecessor-version":[{"id":1023,"href":"https:\/\/www.lomaxim.com\/index.php\/wp-json\/wp\/v2\/pages\/237\/revisions\/1023"}],"wp:attachment":[{"href":"https:\/\/www.lomaxim.com\/index.php\/wp-json\/wp\/v2\/media?parent=237"}],"curies":[{"name":"wp","href":"https:\/\/api.w.org\/{rel}","templated":true}]}}