{"id":3,"date":"2018-12-04T18:12:38","date_gmt":"2018-12-04T18:12:38","guid":{"rendered":"http:\/\/lomaxim.com\/?page_id=3"},"modified":"2023-07-05T07:32:26","modified_gmt":"2023-07-05T07:32:26","slug":"politica-privacidad","status":"publish","type":"page","link":"https:\/\/www.lomaxim.com\/index.php\/politica-privacidad\/","title":{"rendered":"Aviso legal"},"content":{"rendered":"<h2>CONDICIONES DE UTILIZACI\u00d3N DE LA WEB<\/h2>\n<p>Lomaxim ofrece en sus p\u00e1ginas web informaci\u00f3n relacionada con el tipo de actividad, productos y servicios que realiza.<\/p>\n<ol>\n<li>La informaci\u00f3n facilitada por Lomaxim no debe ser considerada por el usuario como elemento determinante para la toma de decisiones, declinando la Compa\u00f1\u00eda toda responsabilidad por el uso que pueda derivarse de la misma en tal sentido, y de forma espec\u00edfica ha de entenderse que dicha informaci\u00f3n, sometida a la normativa vigente en Espa\u00f1a, no va destinada a aquellos usuarios que act\u00faen bajo otras jurisdicciones de Estados que exijan el cumplimiento de requisitos distintos.<\/li>\n<li>Lomaxim se reserva el derecho a actualizar, modificar o eliminar la informaci\u00f3n contenida en www.lomaxim.com, pudiendo incluso limitar o no permitir el acceso a dicha informaci\u00f3n, sin previo aviso.<\/li>\n<li>En ning\u00fan caso Lomaxim ser\u00e1 responsable de las p\u00e9rdidas, da\u00f1os o perjuicios de cualquier tipo que surjan por acceder y usar el website, incluy\u00e9ndose, pero no limit\u00e1ndose, a los producidos en los sistemas inform\u00e1ticos o los provocados por la introducci\u00f3n de virus y\/o ataques inform\u00e1ticos. Lomaxim tampoco ser\u00e1 responsable de los da\u00f1os que pudieran sufrir los usuarios por un uso inadecuado de este website y, en modo alguno, de las ca\u00eddas, interrupciones, ausencia o defecto en las telecomunicaciones.<\/li>\n<\/ol>\n<p>&nbsp;<\/p>\n<h3>USO DE COOKIES<\/h3>\n<p>El presente website recoge informaci\u00f3n estad\u00edstica del usuario mediante el almacenamiento de una \u201ccookie\u201d en el disco duro del visitante. La citada informaci\u00f3n en modo alguno identifica ni es susceptible de identificar personalmente al usuario, es decir, es totalmente an\u00f3nima. La informaci\u00f3n recogida se utilizar\u00e1 por la Compa\u00f1\u00eda para adquirir mayor conocimiento sobre la actividad de los visitantes del sitio, en aras de mejorar el mismo y aumentar la efectividad de su presencia on-line.<\/p>\n<p>El usuario puede en cualquier momento desactivar el uso de las cookies mediante la modificaci\u00f3n de los par\u00e1metros de configuraci\u00f3n de su navegador (consulte las instrucciones de su navegador para realizar esto). La desactivaci\u00f3n no impide la visualizaci\u00f3n de las p\u00e1ginas de este website ni interfiere en la navegaci\u00f3n.<\/p>\n<p>&nbsp;<\/p>\n<h3>POL\u00cdTICA DE PROTECCION DE DATOS PERSONALES<\/h3>\n<p>En Lomaxim garantizamos la protecci\u00f3n de los datos de nuestros clientes. Nuestra web no reconoce de modo autom\u00e1tico ning\u00fan dato referente a la identidad de los visitantes de sus p\u00e1ginas. En la secci\u00f3n de<\/p>\n<p>contacto, con el objeto de poder llevar a cabo las transacciones, es necesaria la previa identificaci\u00f3n del usuario en el sistema, Los datos aqu\u00ed introducidos son tratados con absoluta confidencialidad, siendo utilizados para las finalidades para las que han sido solicitados, en el marco de la Ley Org\u00e1nica de Protecci\u00f3n de Datos de Car\u00e1cter Personal y dem\u00e1s normas jur\u00eddicas concordantes.<\/p>\n<p>&nbsp;<\/p>\n<h3>DATOS GENERALES<\/h3>\n<p>Gatasof, S.L. (Lomaxim) con domicilio social en C\/ Trossets 23, piso 2 pta 3,\u00a0 03740 Gata de Gorgos, Alicante\u2022 Espa\u00f1a Tel.: +34 616 436 876 Email: info@lomaxim.com<\/p>\n<p>&nbsp;<\/p>\n<h3>N\u00daMERO DE IDENTIFICACI\u00d3N FISCAL<\/h3>\n<p>CIF B-53060448<\/p>\n","protected":false},"excerpt":{"rendered":"<p>CONDICIONES DE UTILIZACI\u00d3N DE LA WEB Lomaxim ofrece en sus p\u00e1ginas web informaci\u00f3n relacionada con el tipo de actividad, productos y servicios que realiza. La informaci\u00f3n facilitada por Lomaxim no debe ser considerada por el&#8230;<\/p>\n","protected":false},"author":1,"featured_media":0,"parent":0,"menu_order":0,"comment_status":"closed","ping_status":"open","template":"","meta":[],"_links":{"self":[{"href":"https:\/\/www.lomaxim.com\/index.php\/wp-json\/wp\/v2\/pages\/3"}],"collection":[{"href":"https:\/\/www.lomaxim.com\/index.php\/wp-json\/wp\/v2\/pages"}],"about":[{"href":"https:\/\/www.lomaxim.com\/index.php\/wp-json\/wp\/v2\/types\/page"}],"author":[{"embeddable":true,"href":"https:\/\/www.lomaxim.com\/index.php\/wp-json\/wp\/v2\/users\/1"}],"replies":[{"embeddable":true,"href":"https:\/\/www.lomaxim.com\/index.php\/wp-json\/wp\/v2\/comments?post=3"}],"version-history":[{"count":4,"href":"https:\/\/www.lomaxim.com\/index.php\/wp-json\/wp\/v2\/pages\/3\/revisions"}],"predecessor-version":[{"id":1159,"href":"https:\/\/www.lomaxim.com\/index.php\/wp-json\/wp\/v2\/pages\/3\/revisions\/1159"}],"wp:attachment":[{"href":"https:\/\/www.lomaxim.com\/index.php\/wp-json\/wp\/v2\/media?parent=3"}],"curies":[{"name":"wp","href":"https:\/\/api.w.org\/{rel}","templated":true}]}}