{"id":321,"date":"2018-12-05T15:27:35","date_gmt":"2018-12-05T15:27:35","guid":{"rendered":"http:\/\/lomaxim.com\/?page_id=321"},"modified":"2019-01-16T15:45:07","modified_gmt":"2019-01-16T15:45:07","slug":"metodologia-programa-gestion-empresa-lomaxim","status":"publish","type":"page","link":"https:\/\/www.lomaxim.com\/index.php\/metodologia-programa-gestion-empresa-lomaxim\/","title":{"rendered":"Metodologia"},"content":{"rendered":"<p>[vc_row css_animation=\u00bb\u00bb row_type=\u00bbrow\u00bb use_row_as_full_screen_section=\u00bbno\u00bb type=\u00bbfull_width\u00bb angled_section=\u00bbno\u00bb text_align=\u00bbleft\u00bb background_image_as_pattern=\u00bbwithout_pattern\u00bb background_color=\u00bb#ffffff\u00bb css=\u00bb.vc_custom_1544465644506{margin-bottom: 60px !important;padding-top: 80px !important;padding-bottom: 80px !important;background-color: #ffffff !important;}\u00bb z_index=\u00bb\u00bb][vc_column][vc_column_text css=\u00bb.vc_custom_1545153277312{margin-bottom: 70px !important;}\u00bb]<\/p>\n<h1 style=\"text-align: center; font-size: 32px;\">Departamentos implicados en una implementaci\u00f3n de Lomaxim<\/h1>\n<p>[\/vc_column_text][vc_single_image image=\u00bb414&#8243; img_size=\u00bb400&#215;400&#8243; alignment=\u00bbcenter\u00bb qode_css_animation=\u00bb\u00bb][vc_column_text css=\u00bb.vc_custom_1545153295058{margin-top: 40px !important;}\u00bb]<\/p>\n<p style=\"text-align: center;\">Lomaxim es una herramienta colaborativa que fomenta el trabajo en equipo, ofreciendo a cada rol la informaci\u00f3n necesaria en el momento adecuado.<\/p>\n<p>[\/vc_column_text][\/vc_column][\/vc_row][vc_row css_animation=\u00bb\u00bb row_type=\u00bbrow\u00bb use_row_as_full_screen_section=\u00bbno\u00bb type=\u00bbgrid\u00bb angled_section=\u00bbno\u00bb text_align=\u00bbleft\u00bb background_image_as_pattern=\u00bbwithout_pattern\u00bb css=\u00bb.vc_custom_1544463025557{margin-bottom: 70px !important;}\u00bb z_index=\u00bb\u00bb][vc_column][qode_elements_holder number_of_columns=\u00bbtwo_columns\u00bb columns_proportion=\u00bb33_66&#8243;][qode_elements_holder_item vertical_alignment=\u00bbmiddle\u00bb advanced_animations=\u00bbno\u00bb][vc_single_image image=\u00bb408&#8243; img_size=\u00bb300&#215;300&#8243; alignment=\u00bbcenter\u00bb qode_css_animation=\u00bb\u00bb qode_hover_animation=\u00bbzoom_in\u00bb][\/qode_elements_holder_item][qode_elements_holder_item vertical_alignment=\u00bbmiddle\u00bb advanced_animations=\u00bbno\u00bb][vc_column_text css=\u00bb.vc_custom_1544460918954{padding-bottom: 40px !important;}\u00bb]<\/p>\n<h2>Una completa implantaci\u00f3n de LOMAXIM va a suponer:<\/h2>\n<p>[\/vc_column_text][vc_column_text]<\/p>\n<ul>\n<li>Estandarizaci\u00f3n de los procesos en la empresa<\/li>\n<li>Incremento en la productividad de las tareas operativas por eliminaci\u00f3n de tiempos muertos<\/li>\n<li>Incremento de las ventas y beneficio<\/li>\n<li>Implementaci\u00f3n en menos de una semana<\/li>\n<li>Un retorno de la inversi\u00f3n en la implantaci\u00f3n de LOMAXIM muy alto<\/li>\n<\/ul>\n<p>[\/vc_column_text][\/qode_elements_holder_item][\/qode_elements_holder][\/vc_column][\/vc_row][vc_row css_animation=\u00bb\u00bb row_type=\u00bbrow\u00bb use_row_as_full_screen_section=\u00bbno\u00bb type=\u00bbgrid\u00bb angled_section=\u00bbno\u00bb text_align=\u00bbleft\u00bb background_image_as_pattern=\u00bbwithout_pattern\u00bb css=\u00bb.vc_custom_1544463031602{margin-bottom: 70px !important;}\u00bb z_index=\u00bb\u00bb][vc_column offset=\u00bbvc_hidden-xs\u00bb][qode_elements_holder number_of_columns=\u00bbtwo_columns\u00bb columns_proportion=\u00bb66_33&#8243;][qode_elements_holder_item vertical_alignment=\u00bbmiddle\u00bb advanced_animations=\u00bbno\u00bb][vc_column_text css=\u00bb.vc_custom_1545153788491{padding-bottom: 40px !important;}\u00bb]<\/p>\n<h2>La metodolog\u00eda de Lomaxim, nuestro software de gesti\u00f3n, permitir\u00e1:<\/h2>\n<p>[\/vc_column_text][vc_column_text]<\/p>\n<ul>\n<li>Elaboraci\u00f3n de cronogramas autom\u00e1ticos<\/li>\n<li>Una planificaci\u00f3n de los horarios muy r\u00e1pida<\/li>\n<li>Un f\u00e1cil ajuste del ratio de coste de personal<\/li>\n<li>Mejora de la atenci\u00f3n al p\u00fablico en sus puntos de venta<\/li>\n<li>Hist\u00f3ricos de todos los horarios y cronogramas<\/li>\n<li>Informes con cualquier combinaci\u00f3n de las variables tienda-empleado-tarea para la mejora continua de los procesos<\/li>\n<\/ul>\n<p>[\/vc_column_text][\/qode_elements_holder_item][qode_elements_holder_item vertical_alignment=\u00bbmiddle\u00bb advanced_animations=\u00bbno\u00bb][vc_single_image image=\u00bb413&#8243; img_size=\u00bb300&#215;300&#8243; alignment=\u00bbcenter\u00bb qode_css_animation=\u00bb\u00bb qode_hover_animation=\u00bbzoom_in\u00bb][\/qode_elements_holder_item][\/qode_elements_holder][\/vc_column][\/vc_row][vc_row css_animation=\u00bb\u00bb row_type=\u00bbrow\u00bb use_row_as_full_screen_section=\u00bbno\u00bb type=\u00bbgrid\u00bb angled_section=\u00bbno\u00bb text_align=\u00bbleft\u00bb background_image_as_pattern=\u00bbwithout_pattern\u00bb z_index=\u00bb\u00bb][vc_column offset=\u00bbvc_hidden-lg vc_hidden-md vc_hidden-sm\u00bb][qode_elements_holder number_of_columns=\u00bbtwo_columns\u00bb columns_proportion=\u00bb66_33&#8243;][qode_elements_holder_item vertical_alignment=\u00bbmiddle\u00bb advanced_animations=\u00bbno\u00bb][vc_single_image image=\u00bb413&#8243; img_size=\u00bb300&#215;300&#8243; alignment=\u00bbcenter\u00bb qode_css_animation=\u00bb\u00bb qode_hover_animation=\u00bbzoom_in\u00bb][\/qode_elements_holder_item][qode_elements_holder_item vertical_alignment=\u00bbmiddle\u00bb advanced_animations=\u00bbno\u00bb][vc_column_text css=\u00bb.vc_custom_1545153794500{padding-bottom: 40px !important;}\u00bb]<\/p>\n<h2>La metodolog\u00eda de Lomaxim, nuestro software de gesti\u00f3n, permitir\u00e1:<\/h2>\n<p>[\/vc_column_text][vc_column_text]<\/p>\n<ul>\n<li>Elaboraci\u00f3n de cronogramas autom\u00e1ticos<\/li>\n<li>Una planificaci\u00f3n de los horarios muy r\u00e1pida<\/li>\n<li>Un f\u00e1cil ajuste del ratio de coste de personal<\/li>\n<li>Mejora de la atenci\u00f3n al p\u00fablico en sus puntos de venta<\/li>\n<li>Hist\u00f3ricos de todos los horarios y cronogramas<\/li>\n<li>Informes con cualquier combinaci\u00f3n de las variables tienda-empleado-tarea para la mejora continua de los procesos<\/li>\n<\/ul>\n<p>[\/vc_column_text][\/qode_elements_holder_item][\/qode_elements_holder][\/vc_column][\/vc_row][vc_row css_animation=\u00bb\u00bb row_type=\u00bbrow\u00bb use_row_as_full_screen_section=\u00bbno\u00bb type=\u00bbgrid\u00bb angled_section=\u00bbno\u00bb text_align=\u00bbleft\u00bb background_image_as_pattern=\u00bbwithout_pattern\u00bb css=\u00bb.vc_custom_1544463097927{margin-bottom: 70px !important;}\u00bb z_index=\u00bb\u00bb][vc_column][qode_elements_holder number_of_columns=\u00bbtwo_columns\u00bb columns_proportion=\u00bb33_66&#8243;][qode_elements_holder_item vertical_alignment=\u00bbmiddle\u00bb advanced_animations=\u00bbno\u00bb][vc_single_image image=\u00bb409&#8243; img_size=\u00bb300&#215;300&#8243; alignment=\u00bbcenter\u00bb qode_css_animation=\u00bb\u00bb qode_hover_animation=\u00bbzoom_in\u00bb][\/qode_elements_holder_item][qode_elements_holder_item vertical_alignment=\u00bbmiddle\u00bb advanced_animations=\u00bbno\u00bb][vc_column_text css=\u00bb.vc_custom_1545153830357{padding-bottom: 40px !important;}\u00bb]<\/p>\n<h2>Crecer es lo importante, nuestro software empresarial le facilita esta labor<\/h2>\n<p>[\/vc_column_text][vc_column_text]<\/p>\n<ul>\n<li>Determinar la plantilla necesaria en una nueva apertura mediante simulaciones<\/li>\n<li>Evaluar la futura cuenta de resultados de una oportunidad de tienda con datos m\u00e1s reales en cuanto al coste de personal<\/li>\n<li>An\u00e1lisis de distintas tipolog\u00edas de centro basado en su hist\u00f3rico evaluando rentabilidades<\/li>\n<\/ul>\n<p>[\/vc_column_text][\/qode_elements_holder_item][\/qode_elements_holder][\/vc_column][\/vc_row][vc_row css_animation=\u00bb\u00bb row_type=\u00bbrow\u00bb use_row_as_full_screen_section=\u00bbno\u00bb type=\u00bbgrid\u00bb angled_section=\u00bbno\u00bb text_align=\u00bbleft\u00bb background_image_as_pattern=\u00bbwithout_pattern\u00bb css=\u00bb.vc_custom_1544463104666{margin-bottom: 70px !important;}\u00bb z_index=\u00bb\u00bb][vc_column offset=\u00bbvc_hidden-xs\u00bb][qode_elements_holder number_of_columns=\u00bbtwo_columns\u00bb columns_proportion=\u00bb66_33&#8243;][qode_elements_holder_item vertical_alignment=\u00bbmiddle\u00bb advanced_animations=\u00bbno\u00bb][vc_column_text css=\u00bb.vc_custom_1545153886984{padding-bottom: 40px !important;}\u00bb]<\/p>\n<h2>Para el departamento de RRHH la el uso del software Lomaxim favorece:<\/h2>\n<p>[\/vc_column_text][vc_column_text]<\/p>\n<ul>\n<li>Gesti\u00f3n autom\u00e1tica y descentralizada de la bolsa de horas<\/li>\n<li>Gesti\u00f3n descentralizada de las vacaciones<\/li>\n<li>Gesti\u00f3n descentralizada de las bajas e incidencias<\/li>\n<li>Disminuci\u00f3n de picos contractuales por campa\u00f1as<\/li>\n<li>Planificaci\u00f3n de horarios m\u00e1s equitativos que permiten conciliar la vida laboral y la familiar<\/li>\n<li>Cumplimiento de los convenios laborales<\/li>\n<li>Integridad de datos personales y cumplimiento con la LOPD<\/li>\n<\/ul>\n<p>[\/vc_column_text][\/qode_elements_holder_item][qode_elements_holder_item vertical_alignment=\u00bbmiddle\u00bb advanced_animations=\u00bbno\u00bb][vc_single_image image=\u00bb411&#8243; img_size=\u00bb300&#215;300&#8243; alignment=\u00bbcenter\u00bb qode_css_animation=\u00bb\u00bb qode_hover_animation=\u00bbzoom_in\u00bb][\/qode_elements_holder_item][\/qode_elements_holder][\/vc_column][\/vc_row][vc_row css_animation=\u00bb\u00bb row_type=\u00bbrow\u00bb use_row_as_full_screen_section=\u00bbno\u00bb type=\u00bbgrid\u00bb angled_section=\u00bbno\u00bb text_align=\u00bbleft\u00bb background_image_as_pattern=\u00bbwithout_pattern\u00bb z_index=\u00bb\u00bb][vc_column offset=\u00bbvc_hidden-lg vc_hidden-md vc_hidden-sm\u00bb][qode_elements_holder number_of_columns=\u00bbtwo_columns\u00bb columns_proportion=\u00bb66_33&#8243;][qode_elements_holder_item vertical_alignment=\u00bbmiddle\u00bb advanced_animations=\u00bbno\u00bb][vc_single_image image=\u00bb411&#8243; img_size=\u00bb300&#215;300&#8243; alignment=\u00bbcenter\u00bb qode_css_animation=\u00bb\u00bb qode_hover_animation=\u00bbzoom_in\u00bb][\/qode_elements_holder_item][qode_elements_holder_item vertical_alignment=\u00bbmiddle\u00bb advanced_animations=\u00bbno\u00bb][vc_column_text css=\u00bb.vc_custom_1545153897492{padding-bottom: 40px !important;}\u00bb]<\/p>\n<h2>Para el departamento de RRHH la el uso del software Lomaxim favorece:<\/h2>\n<p>[\/vc_column_text][vc_column_text]<\/p>\n<ul>\n<li>Gesti\u00f3n autom\u00e1tica y descentralizada de la bolsa de horas<\/li>\n<li>Gesti\u00f3n descentralizada de las vacaciones<\/li>\n<li>Gesti\u00f3n descentralizada de las bajas e incidencias<\/li>\n<li>Disminuci\u00f3n de picos contractuales por campa\u00f1as<\/li>\n<li>Planificaci\u00f3n de horarios m\u00e1s equitativos que permiten conciliar la vida laboral y la familiar<\/li>\n<li>Cumplimiento de los convenios laborales<\/li>\n<li>Integridad de datos personales y cumplimiento con la LOPD<\/li>\n<\/ul>\n<p>[\/vc_column_text][\/qode_elements_holder_item][\/qode_elements_holder][\/vc_column][\/vc_row][vc_row css_animation=\u00bb\u00bb row_type=\u00bbrow\u00bb use_row_as_full_screen_section=\u00bbno\u00bb type=\u00bbgrid\u00bb angled_section=\u00bbno\u00bb text_align=\u00bbleft\u00bb background_image_as_pattern=\u00bbwithout_pattern\u00bb css=\u00bb.vc_custom_1544463120274{margin-bottom: 70px !important;}\u00bb z_index=\u00bb\u00bb][vc_column][qode_elements_holder number_of_columns=\u00bbtwo_columns\u00bb columns_proportion=\u00bb33_66&#8243;][qode_elements_holder_item vertical_alignment=\u00bbmiddle\u00bb advanced_animations=\u00bbno\u00bb][vc_single_image image=\u00bb410&#8243; img_size=\u00bb300&#215;300&#8243; alignment=\u00bbcenter\u00bb qode_css_animation=\u00bb\u00bb qode_hover_animation=\u00bbzoom_in\u00bb][\/qode_elements_holder_item][qode_elements_holder_item vertical_alignment=\u00bbmiddle\u00bb advanced_animations=\u00bbno\u00bb][vc_column_text css=\u00bb.vc_custom_1545153909073{padding-bottom: 40px !important;}\u00bb]<\/p>\n<h2>Beneficios de Lomaxim en el departamento financiero:<\/h2>\n<p>[\/vc_column_text][vc_column_text]Estandarizar los procesos en toda la cadena<\/p>\n<ul>\n<li>Establecimiento de responsabilidades<\/li>\n<li>Optimizaci\u00f3n de recursos<\/li>\n<li>Aumentar el ticket medio<\/li>\n<li>Reducir los tiempos de elaboraci\u00f3n de horarios<\/li>\n<li>Informes con cualquier combinaci\u00f3n de las variables tienda-empleado-tarea para la mejora continua de los procesos<\/li>\n<li>Evaluaciones comparativas entre sus puntos de venta<\/li>\n<li>Mejora continua enfocada a la venta<\/li>\n<li>Plataforma independiente sin desarrollos ni mantenimientos<\/li>\n<li>Cumplimiento de la LOPD<\/li>\n<li>Obtenga resultados en menos de una semana<\/li>\n<li>Retorno de la inversi\u00f3n muy alto<\/li>\n<\/ul>\n<p>[\/vc_column_text][\/qode_elements_holder_item][\/qode_elements_holder][\/vc_column][\/vc_row][vc_row css_animation=\u00bb\u00bb row_type=\u00bbrow\u00bb use_row_as_full_screen_section=\u00bbno\u00bb type=\u00bbgrid\u00bb angled_section=\u00bbno\u00bb text_align=\u00bbleft\u00bb background_image_as_pattern=\u00bbwithout_pattern\u00bb css=\u00bb.vc_custom_1544463130426{margin-bottom: 70px !important;}\u00bb z_index=\u00bb\u00bb][vc_column offset=\u00bbvc_hidden-xs\u00bb][qode_elements_holder number_of_columns=\u00bbtwo_columns\u00bb columns_proportion=\u00bb66_33&#8243;][qode_elements_holder_item vertical_alignment=\u00bbmiddle\u00bb advanced_animations=\u00bbno\u00bb][vc_column_text css=\u00bb.vc_custom_1545153927665{padding-bottom: 40px !important;}\u00bb]<\/p>\n<h2>Ventajas de nuestro software de gesti\u00f3n en IT<\/h2>\n<p>[\/vc_column_text][vc_column_text]<\/p>\n<ul>\n<li>Es un desarrollo propio que permite una r\u00e1pida implementaci\u00f3n<\/li>\n<li>La implementaci\u00f3n se puede realizar en menos de una semana si se dispone de los datos necesarios<\/li>\n<li>Responsible design para su acceso en distintos roles\/dispositivos:\n<ul>\n<li>Direcci\u00f3n<\/li>\n<li>Administraci\u00f3n<\/li>\n<li>Supervisores<\/li>\n<li>Encargados<\/li>\n<li>Empleados<\/li>\n<\/ul>\n<\/li>\n<li>Aplicaci\u00f3n web based, sin instalaciones ni aumento de infraestructuras<\/li>\n<li>Licenciamiento en modo SAAS sin desembolso inicial y con un bajo coste por uso.<\/li>\n<li>Disfrute de las mejores pr\u00e1cticas que se incorporen en su sector de forma gratuita<\/li>\n<\/ul>\n<p>[\/vc_column_text][\/qode_elements_holder_item][qode_elements_holder_item vertical_alignment=\u00bbmiddle\u00bb advanced_animations=\u00bbno\u00bb][vc_single_image image=\u00bb412&#8243; img_size=\u00bb300&#215;300&#8243; alignment=\u00bbcenter\u00bb qode_css_animation=\u00bb\u00bb qode_hover_animation=\u00bbzoom_in\u00bb][\/qode_elements_holder_item][\/qode_elements_holder][\/vc_column][\/vc_row][vc_row css_animation=\u00bb\u00bb row_type=\u00bbrow\u00bb use_row_as_full_screen_section=\u00bbno\u00bb type=\u00bbgrid\u00bb angled_section=\u00bbno\u00bb text_align=\u00bbleft\u00bb background_image_as_pattern=\u00bbwithout_pattern\u00bb css=\u00bb.vc_custom_1544463136108{margin-bottom: 70px !important;}\u00bb z_index=\u00bb\u00bb][vc_column offset=\u00bbvc_hidden-lg vc_hidden-md vc_hidden-sm\u00bb][qode_elements_holder number_of_columns=\u00bbtwo_columns\u00bb columns_proportion=\u00bb66_33&#8243;][qode_elements_holder_item vertical_alignment=\u00bbmiddle\u00bb advanced_animations=\u00bbno\u00bb][vc_single_image image=\u00bb412&#8243; img_size=\u00bb300&#215;300&#8243; alignment=\u00bbcenter\u00bb qode_css_animation=\u00bb\u00bb qode_hover_animation=\u00bbzoom_in\u00bb][\/qode_elements_holder_item][qode_elements_holder_item vertical_alignment=\u00bbmiddle\u00bb advanced_animations=\u00bbno\u00bb][vc_column_text css=\u00bb.vc_custom_1545153948956{padding-bottom: 40px !important;}\u00bb]<\/p>\n<h2>Ventajas de nuestro software de gesti\u00f3n en IT<\/h2>\n<p>[\/vc_column_text][vc_column_text]<\/p>\n<ul>\n<li>Es un desarrollo propio que permite una r\u00e1pida implementaci\u00f3n<\/li>\n<li>La implementaci\u00f3n se puede realizar en menos de una semana si se dispone de los datos necesarios<\/li>\n<li>Responsible design para su acceso en distintos roles\/dispositivos:\n<ul>\n<li>Direcci\u00f3n<\/li>\n<li>Administraci\u00f3n<\/li>\n<li>Supervisores<\/li>\n<li>Encargados<\/li>\n<li>Empleados<\/li>\n<\/ul>\n<\/li>\n<li>Aplicaci\u00f3n web based, sin instalaciones ni aumento de infraestructuras<\/li>\n<li>Licenciamiento en modo SAAS sin desembolso inicial y con un bajo coste por uso.<\/li>\n<li>Disfrute de las mejores pr\u00e1cticas que se incorporen en su sector de forma gratuita<\/li>\n<\/ul>\n<p>[\/vc_column_text][\/qode_elements_holder_item][\/qode_elements_holder][\/vc_column][\/vc_row]<\/p>\n","protected":false},"excerpt":{"rendered":"<p>[vc_row css_animation=\u00bb\u00bb row_type=\u00bbrow\u00bb use_row_as_full_screen_section=\u00bbno\u00bb type=\u00bbfull_width\u00bb angled_section=\u00bbno\u00bb text_align=\u00bbleft\u00bb background_image_as_pattern=\u00bbwithout_pattern\u00bb background_color=\u00bb#ffffff\u00bb css=\u00bb.vc_custom_1544465644506{margin-bottom: 60px !important;padding-top: 80px !important;padding-bottom: 80px !important;background-color: #ffffff !important;}\u00bb z_index=\u00bb\u00bb][vc_column][vc_column_text css=\u00bb.vc_custom_1545153277312{margin-bottom: 70px !important;}\u00bb] Departamentos implicados en una implementaci\u00f3n de Lomaxim [\/vc_column_text][vc_single_image image=\u00bb414&#8243; img_size=\u00bb400&#215;400&#8243; alignment=\u00bbcenter\u00bb qode_css_animation=\u00bb\u00bb][vc_column_text css=\u00bb.vc_custom_1545153295058{margin-top:&#8230;<\/p>\n","protected":false},"author":1,"featured_media":0,"parent":0,"menu_order":0,"comment_status":"closed","ping_status":"closed","template":"full_width.php","meta":[],"_links":{"self":[{"href":"https:\/\/www.lomaxim.com\/index.php\/wp-json\/wp\/v2\/pages\/321"}],"collection":[{"href":"https:\/\/www.lomaxim.com\/index.php\/wp-json\/wp\/v2\/pages"}],"about":[{"href":"https:\/\/www.lomaxim.com\/index.php\/wp-json\/wp\/v2\/types\/page"}],"author":[{"embeddable":true,"href":"https:\/\/www.lomaxim.com\/index.php\/wp-json\/wp\/v2\/users\/1"}],"replies":[{"embeddable":true,"href":"https:\/\/www.lomaxim.com\/index.php\/wp-json\/wp\/v2\/comments?post=321"}],"version-history":[{"count":7,"href":"https:\/\/www.lomaxim.com\/index.php\/wp-json\/wp\/v2\/pages\/321\/revisions"}],"predecessor-version":[{"id":443,"href":"https:\/\/www.lomaxim.com\/index.php\/wp-json\/wp\/v2\/pages\/321\/revisions\/443"}],"wp:attachment":[{"href":"https:\/\/www.lomaxim.com\/index.php\/wp-json\/wp\/v2\/media?parent=321"}],"curies":[{"name":"wp","href":"https:\/\/api.w.org\/{rel}","templated":true}]}}